{"id":1785,"date":"2024-10-19T20:19:45","date_gmt":"2024-10-19T18:19:45","guid":{"rendered":"https:\/\/aejf.asso.fr\/?page_id=1785"},"modified":"2025-10-17T02:57:56","modified_gmt":"2025-10-17T00:57:56","slug":"aejf","status":"publish","type":"page","link":"https:\/\/aejf.asso.fr\/fr\/aejf","title":{"rendered":"Association des Enseignants de Japonais en France (AEJF)"},"content":{"rendered":"\n<p>Le r\u00f4le de l\u2019AEJF est de promouvoir l\u2019enseignement de la langue et de la civilisation japonaises en France, en favorisant la recherche en p\u00e9dagogie et didactique du japonais. L&rsquo;association vise \u00e9galement \u00e0 d\u00e9velopper les \u00e9changes culturels entre la France et le Japon afin de contribuer \u00e0 une meilleure compr\u00e9hension mutuelle entre ces deux pays.<\/p>\n\n\n\n<p>Pour ce faire, elle se propose, d\u2019une part, de pr\u00e9senter un \u00e9tat des lieux d\u00e9taill\u00e9 de l\u2019enseignement du japonais en France, d\u2019autre part, de tisser un r\u00e9seau de relations permettant d\u2019accro\u00eetre la coop\u00e9ration et les&nbsp;\u00e9changes d\u2019informations entre enseignants.<\/p>\n\n\n\n<p>L\u2019AEJF cherche donc \u00e0 r\u00e9soudre les difficult\u00e9s auxquelles peut \u00eatre confront\u00e9 l\u2019enseignement du japonais en France, et met pour cela en place un certain nombre d\u2019activit\u00e9s, d\u00e9crites ci-dessous. Peuvent devenir membres de l\u2019AEJF les enseignants de japonais exer\u00e7ant leur activit\u00e9 en France, ainsi que toute personne soutenant les objectifs de l\u2019association.<\/p>\n\n\n\n<p>Date de cr\u00e9ation : Avril 1997.<br>Publication dans le Journal Officiel du 10 mai 1997.<\/p>\n\n\n\n<h2 class=\"wp-block-heading\">Activit\u00e9s de l\u2019AEJF<\/h2>\n\n\n\n<ul class=\"wp-block-list\">\n<li>Collecte et diffusion de mat\u00e9riaux, documents et autres informations concernant l\u2019\u00e9tat de l\u2019enseignement du japonais en France.<\/li>\n\n\n\n<li>\u00c9tablissement d\u2019un r\u00e9seau d\u2019\u00e9change entre les enseignants de japonais.<\/li>\n\n\n\n<li>Organisation de r\u00e9unions d\u2019\u00e9tudes et de stages de formation sur l\u2019enseignement de la langue et de la culture japonaises.<\/li>\n\n\n\n<li>Promotion des \u00e9changes avec les organismes publics ou priv\u00e9s de l\u2019enseignement du japonais, au Japon et dans les autres pays.<\/li>\n\n\n\n<li>Projets de d\u00e9veloppement collectifs :\n<ul class=\"wp-block-list\">\n<li>\u00c9valuation et analyse des mat\u00e9riels p\u00e9dagogiques disponibles, \u00e9laboration et d\u00e9veloppement de nouveaux mat\u00e9riels.<\/li>\n\n\n\n<li>Publication r\u00e9guli\u00e8re de newsletters et de rapports sur l\u2019\u00e9tat de l\u2019enseignement du japonais en France.<\/li>\n\n\n\n<li>\u00c9changes et coop\u00e9ration avec les associations analogues des autres pays europ\u00e9ens.<\/li>\n<\/ul>\n<\/li>\n<\/ul>\n\n\n\n<h2 class=\"wp-block-heading\">Contact<\/h2>\n\n\n\n<p>Adresse :<br>Association des Enseignants de Japonais en France (AEJF)<br>c\/o Universit\u00e9 Paris Cit\u00e9, UFR LCAO, Case 7009, <br>5 rue Thomas Mann, 75205 Paris Cedex 13, FRANCE<\/p>\n\n\n\n<p><\/p>\n\n\n\n<p><\/p>\n\n\n\n<p><\/p>\n\n\n\n<p><\/p>\n\n\n\n<p><\/p>\n\n\n\n<p><\/p>\n\n\n\n<p><\/p>\n\n\n\n<p><\/p>\n\n\n\n<p><\/p>\n\n\n\n<p><a href=\"https:\/\/aejf.asso.fr\/fr\/contact\" target=\"_blank\" rel=\"noreferrer noopener\">Contacter le bureau<\/a><\/p>\n\n\n\n<h2 class=\"wp-block-heading\">Bureau d\u2019administration (2025-2026)<\/h2>\n\n\n\n<p>Pr\u00e9sidente\uff1a<br>NAKAJIMA Akiko<\/p>\n\n\n\n<p>Secr\u00e9taire g\u00e9n\u00e9rale\uff1a<br>SUGIE Fumiko<\/p>\n\n\n\n<p>Tr\u00e9sori\u00e8res\uff1a<br>HASHIMOTO Aiko<br>KAWASAKI Eri<\/p>\n\n\n\n<p>Responsables de la gestion des adh\u00e9rents\uff1a<br>AMANO Yuri<br>NAKAHASHI Chizuru<\/p>\n\n\n\n<p>Responsables de l\u2019administration du site web\uff1a<br>LAURENT Yukari<br>SUGIE Fumiko<\/p>\n\n\n\n<p>Responsables de la r\u00e9daction du bulletin de l\u2019Association\uff1a<br>OYAIZU Eri<br>ISOYAMA Mai<\/p>\n\n\n\n<p>R\u00e9daction et traduction en fran\u00e7ais :<br>MORINI Julien<\/p>\n\n\n\n<p><\/p>\n\n\n\n<p>Conseilliers\uff1a<br>ISHII Y\u00f4ko (Membre fondateur et ex-pr\u00e9sidente de l\u2019AEJF)<br>HIGASHI Tomoko (Ex-pr\u00e9sidente de l\u2019AEJF, universit\u00e9 Grenoble-Alpes)<br>MAKINO (Seiichi Professeur \u00e9m\u00e9rite \u00e0 l\u2019universit\u00e9 de Princeton, USA)<br><\/p>\n","protected":false},"excerpt":{"rendered":"<p>Le r\u00f4le de l\u2019AEJF est de promouvoir l\u2019enseignement de la langue et de la civilisation japonaises en France, en [&hellip;]<\/p>\n","protected":false},"author":296,"featured_media":0,"parent":0,"menu_order":0,"comment_status":"closed","ping_status":"closed","template":"","meta":{"_locale":"fr_FR","_original_post":"https:\/\/test-aejf.aejf.asso.fr\/?page_id=1249","footnotes":""},"class_list":["post-1785","page","type-page","status-publish","hentry","fr-FR"],"_links":{"self":[{"href":"https:\/\/aejf.asso.fr\/wp-json\/wp\/v2\/pages\/1785","targetHints":{"allow":["GET"]}}],"collection":[{"href":"https:\/\/aejf.asso.fr\/wp-json\/wp\/v2\/pages"}],"about":[{"href":"https:\/\/aejf.asso.fr\/wp-json\/wp\/v2\/types\/page"}],"author":[{"embeddable":true,"href":"https:\/\/aejf.asso.fr\/wp-json\/wp\/v2\/users\/296"}],"replies":[{"embeddable":true,"href":"https:\/\/aejf.asso.fr\/wp-json\/wp\/v2\/comments?post=1785"}],"version-history":[{"count":12,"href":"https:\/\/aejf.asso.fr\/wp-json\/wp\/v2\/pages\/1785\/revisions"}],"predecessor-version":[{"id":3535,"href":"https:\/\/aejf.asso.fr\/wp-json\/wp\/v2\/pages\/1785\/revisions\/3535"}],"wp:attachment":[{"href":"https:\/\/aejf.asso.fr\/wp-json\/wp\/v2\/media?parent=1785"}],"curies":[{"name":"wp","href":"https:\/\/api.w.org\/{rel}","templated":true}]}}