{"id":1840,"date":"2024-10-20T10:35:32","date_gmt":"2024-10-20T08:35:32","guid":{"rendered":"https:\/\/aejf.asso.fr\/?page_id=1840"},"modified":"2026-04-13T11:44:57","modified_gmt":"2026-04-13T09:44:57","slug":"payment","status":"publish","type":"page","link":"https:\/\/aejf.asso.fr\/fr\/aejf\/payment","title":{"rendered":"Cotisation, Frais d\u2019adh\u00e9sion, Frais de participation aux conf\u00e9rences-ateliers"},"content":{"rendered":"\n<p>(Si vous \u00eates nouvel\u00b7le adh\u00e9rent\u00b7e, veuillez d\u2019abord remplir le&nbsp;<a href=\"https:\/\/aejf.asso.fr\/fr\/association-des-enseignants-de-japonais-en-france-aejf\/devenir-membre\" data-type=\"page\" data-id=\"1791\">formulaire d\u2019adh\u00e9sion<\/a>)<\/p>\n\n\n\n<p>Vous pouvez effectuer votre paiement par&nbsp;<strong>virement bancaire<\/strong>, ou par&nbsp;<strong>carte bancaire<\/strong>&nbsp;sur la plateforme HelloAsso.<\/p>\n\n\n\n<p><strong>Les cotisations sont valables du 1er janvier au 31 d\u00e9cembre de l\u2019ann\u00e9e en cours, quelle que soit la date d\u2019adh\u00e9sion.<\/strong><\/p>\n\n\n\n<p><strong>Nous vous rappelons que la cotisation de l\u2019ann\u00e9e est \u00e0 r\u00e9gler avant la fin juin.<\/strong><\/p>\n\n\n\n<p>Pour les membres d\u00e9j\u00e0 inscrit\u00b7e\u00b7s, en l\u2019absence de r\u00e9ception du paiement de la cotisation avant cette date, l\u2019adh\u00e9sion sera consid\u00e9r\u00e9e comme r\u00e9sili\u00e9e.<\/p>\n\n\n\n<p>Les cotisations sont importantes pour les activit\u00e9s de l\u2019association.<br>Nous vous remercions de votre compr\u00e9hension et de votre coop\u00e9ration.<\/p>\n\n\n\n<p>(Modifi\u00e9 en mars 2025)<\/p>\n\n\n\n<h2 class=\"wp-block-heading\">Frais&nbsp;d\u2019adh\u00e9sion<\/h2>\n\n\n\n<p>Personne physique : 15 \u20ac<br>\u00c9tudiant\u00b7e moins de 26 ans (sur justificatif) : 10 \u20ac<\/p>\n\n\n\n<h2 class=\"wp-block-heading\">Cotisation annuelle<\/h2>\n\n\n\n<p>Personne physique :\u300030 \u20ac\u3000<br>Etudiant\u00b7e moins de 26 ans (sur justificatif) : 14 \u20ac<br>Membre bienfaiteur : 75 \u20ac\u3000<\/p>\n\n\n\n<h2 class=\"wp-block-heading\">Frais de participation \u00e0 une conf\u00e9rence-atelier<\/h2>\n\n\n\n<p>Membre : gratuit<br>Non-membre : 10 \u20ac<br>Non-membre (\u00e9tudiant\u00b7e moins de 26 ans, sur justificatif) : 5 \u20ac<\/p>\n\n\n\n<h2 class=\"wp-block-heading\">Frais de participation au 19e colloque AEJF 2026<\/h2>\n\n\n\n<p>Membre de l&rsquo;AEJF : Gratuit<br>Non-membre : 20 \u20ac pour les deux jours, 15 \u20ac pour un seul jour<br>Non-membre (\u00e9tudiant\u00b7e moins de 26 ans, sur justificatif) : 10 \u20ac pour les deux jours, 7,5 \u20ac pour un seul jour<br>D\u00eener-r\u00e9ception du vendredi 05 juin : 30 \u20ac<\/p>\n\n\n\n<h2 class=\"wp-block-heading\">Mode de paiement<\/h2>\n\n\n\n<nav>\n  <div class=\"nav nav-tabs\" id=\"nav-tab\" role=\"tablist\">\n    <button class=\"nav-link active\" id=\"nav-card-tab\" data-bs-toggle=\"tab\" data-bs-target=\"#nav-card\" type=\"button\" role=\"tab\" aria-controls=\"nav-card\" aria-selected=\"true\">Paiement par carte bancaire<\/button>\n    <button class=\"nav-link\" id=\"nav-bankwire-tab\" data-bs-toggle=\"tab\" data-bs-target=\"#nav-bankwire\" type=\"button\" role=\"tab\" aria-controls=\"nav-bankwire\" aria-selected=\"false\">Virement bancaire<\/button>\n  <\/div>\n<\/nav>\n\n\n\n<div class=\"wp-block-group tab-content is-layout-constrained wp-block-group-is-layout-constrained\">\n<div id=\"nav-card\" class=\"wp-block-group tab-pane fade show active is-layout-constrained wp-block-group-is-layout-constrained\">\n<div id=\"nav-card\" class=\"wp-block-group tab-pane fade show active pt-3 px-3 is-layout-constrained wp-block-group-is-layout-constrained\">\n<p>Les paiements par carte bancaire s\u2019effectuent sur le site HelloAsso.<\/p>\n<p>\u21d2 <a href=\"https:\/\/www.helloasso.com\/associations\/association-des-enseignants-de-japonais-en-france\/adhesions\/paiement-de-cotisation-associative\" target=\"_blank\" rel=\"noopener\">Paiement des frais d\u2019adh\u00e9sion et\/ou de la cotisation annuelle<\/a><\/p>\n<p>\u21d2 <a href=\"https:\/\/www.helloasso.com\/associations\/association-des-enseignants-de-japonais-en-france\/adhesions\/participation-a-une-conference-atelier\" target=\"_blank\" rel=\"noopener\">Paiement des frais de participation \u00e0 une conf\u00e9rence-atelier<\/a><\/p>\n<p>\u21d2 <a href=\"https:\/\/www.helloasso.com\/associations\/association-des-enseignants-de-japonais-en-france\/evenements\/19e-colloque-aejf\"\ntarget=\"_blank\" rel=\"noopener\">Frais de participation au 19e colloque AEJF 2026<\/a><\/p>\n<\/div>\n<\/div>\n\n\n\n<div class=\"tab-pane fade pt-3 px-3\" id=\"nav-bankwire\">\n<p>Les frais de virement bancaire sont \u00e0 la charge de l\u2019\u00e9metteur.<br>Nous vous prions de bien vouloir pr\u00e9ciser sur le libell\u00e9 du virement le pr\u00e9nom, le nom, et l\u2019ann\u00e9e de cotisation.<\/p>\n\n\n\n<h3 class=\"wp-block-heading\">RELEV\u00c9 D\u2019IDENTIT\u00c9 BANCAIRE<\/h3>\n\n\n\n<p>Domiciliation : La Banque Postale<br>Agence :&nbsp;Centre Financier La Source<br>Adresse de la banque :&nbsp;45900 La Source Cedex 9, FRANCE<br>IBAN :&nbsp;FR80 2004 1010 1237 8492 0J03 396&nbsp;(tous les \u00ab&nbsp;0&nbsp;\u00bb sont des z\u00e9ros)<br>BIC \/ SWIFT :&nbsp;PSSTFRPPSCE<br>Titulaire du compte :&nbsp;Association des Enseignants de Japonais en France (AEJF)<br>Adresse du titulaire : c\/o&nbsp;UFR LCAO, Case 7009, Universit\u00e9 Paris Cit\u00e9, 5 rue Thomas Mann, 75205 Paris Cedex 13, France<\/p>\n<\/div>\n<\/div>\n\n\n\n<p><\/p>\n","protected":false},"excerpt":{"rendered":"<p>(Si vous \u00eates nouvel\u00b7le adh\u00e9rent\u00b7e, veuillez d\u2019abord remplir le&nbsp;formulaire d\u2019adh\u00e9sion) Vous pouvez effect [&hellip;]<\/p>\n","protected":false},"author":296,"featured_media":0,"parent":1785,"menu_order":0,"comment_status":"closed","ping_status":"closed","template":"","meta":{"_locale":"fr_FR","_original_post":"https:\/\/test-aejf.aejf.asso.fr\/?page_id=1794","footnotes":""},"class_list":["post-1840","page","type-page","status-publish","hentry","fr-FR"],"_links":{"self":[{"href":"https:\/\/aejf.asso.fr\/wp-json\/wp\/v2\/pages\/1840","targetHints":{"allow":["GET"]}}],"collection":[{"href":"https:\/\/aejf.asso.fr\/wp-json\/wp\/v2\/pages"}],"about":[{"href":"https:\/\/aejf.asso.fr\/wp-json\/wp\/v2\/types\/page"}],"author":[{"embeddable":true,"href":"https:\/\/aejf.asso.fr\/wp-json\/wp\/v2\/users\/296"}],"replies":[{"embeddable":true,"href":"https:\/\/aejf.asso.fr\/wp-json\/wp\/v2\/comments?post=1840"}],"version-history":[{"count":33,"href":"https:\/\/aejf.asso.fr\/wp-json\/wp\/v2\/pages\/1840\/revisions"}],"predecessor-version":[{"id":4160,"href":"https:\/\/aejf.asso.fr\/wp-json\/wp\/v2\/pages\/1840\/revisions\/4160"}],"up":[{"embeddable":true,"href":"https:\/\/aejf.asso.fr\/wp-json\/wp\/v2\/pages\/1785"}],"wp:attachment":[{"href":"https:\/\/aejf.asso.fr\/wp-json\/wp\/v2\/media?parent=1840"}],"curies":[{"name":"wp","href":"https:\/\/api.w.org\/{rel}","templated":true}]}}