{"id":2376,"date":"2024-11-03T16:03:03","date_gmt":"2024-11-03T14:03:03","guid":{"rendered":"https:\/\/aejf.asso.fr\/?page_id=2376"},"modified":"2025-03-14T18:22:05","modified_gmt":"2025-03-14T16:22:05","slug":"newsletters-touslesnumeros","status":"publish","type":"page","link":"https:\/\/aejf.asso.fr\/fr\/newsletters-touslesnumeros","title":{"rendered":"Newsletters n\u00b0 1 (2000) &#8211; n\u00b0 92 (2024)"},"content":{"rendered":"\n<p>Vous trouverez ici tous les num\u00e9ros des pr\u00e9c\u00e9dentes newsletters (6 num\u00e9ros par an de janvier 2000 \u00e0 juillet 2007, 4\u00a0num\u00e9ros par an\u00a0d\u2019octobre 2007\u00a0\u00e0 octobre 2013, 3\u00a0num\u00e9ros par an\u00a0de 2014 \u00e0 2015, puis 2\u00a0num\u00e9ros par an\u00a0\u00e0 partir de 2016).<br><\/p>\n\n\n\n","protected":false},"excerpt":{"rendered":"<p>Vous trouverez ici tous les num\u00e9ros des pr\u00e9c\u00e9dentes newsletters (6 num\u00e9ros par an de janvier 2000 \u00e0 juillet 20 [&hellip;]<\/p>\n","protected":false},"author":296,"featured_media":0,"parent":0,"menu_order":0,"comment_status":"closed","ping_status":"closed","template":"","meta":{"_locale":"fr_FR","_original_post":"https:\/\/test-aejf.aejf.asso.fr\/?page_id=2374","footnotes":""},"class_list":["post-2376","page","type-page","status-publish","hentry","fr-FR"],"_links":{"self":[{"href":"https:\/\/aejf.asso.fr\/wp-json\/wp\/v2\/pages\/2376","targetHints":{"allow":["GET"]}}],"collection":[{"href":"https:\/\/aejf.asso.fr\/wp-json\/wp\/v2\/pages"}],"about":[{"href":"https:\/\/aejf.asso.fr\/wp-json\/wp\/v2\/types\/page"}],"author":[{"embeddable":true,"href":"https:\/\/aejf.asso.fr\/wp-json\/wp\/v2\/users\/296"}],"replies":[{"embeddable":true,"href":"https:\/\/aejf.asso.fr\/wp-json\/wp\/v2\/comments?post=2376"}],"version-history":[{"count":11,"href":"https:\/\/aejf.asso.fr\/wp-json\/wp\/v2\/pages\/2376\/revisions"}],"predecessor-version":[{"id":2614,"href":"https:\/\/aejf.asso.fr\/wp-json\/wp\/v2\/pages\/2376\/revisions\/2614"}],"wp:attachment":[{"href":"https:\/\/aejf.asso.fr\/wp-json\/wp\/v2\/media?parent=2376"}],"curies":[{"name":"wp","href":"https:\/\/api.w.org\/{rel}","templated":true}]}}