{"id":2449,"date":"2025-01-18T18:27:48","date_gmt":"2025-01-18T16:27:48","guid":{"rendered":"https:\/\/aejf.asso.fr\/?page_id=2449"},"modified":"2025-02-14T04:58:49","modified_gmt":"2025-02-14T02:58:49","slug":"privacy_policy","status":"publish","type":"page","link":"https:\/\/aejf.asso.fr\/fr\/privacy_policy","title":{"rendered":"Politique de confidentialit\u00e9"},"content":{"rendered":"\n<p>Derni\u00e8re mise \u00e0 jour : 27 d\u00e9cembre 2024<\/p>\n\n\n\n<p>L\u2019Association des enseignants de japonais en France (ci-apr\u00e8s \u00ab l\u2019Association \u00bb) s\u2019engage \u00e0 prot\u00e9ger la confidentialit\u00e9 de vos donn\u00e9es personnelles. Afin de faciliter l\u2019adh\u00e9sion de nos membres, nous collectons et traitons certaines donn\u00e9es personnelles vous concernant. Cette Politique de confidentialit\u00e9 explique comment nous traitons vos donn\u00e9es personnelles conform\u00e9ment au R\u00e8glement (UE) 2016\/679 (R\u00e8glement G\u00e9n\u00e9ral sur la Protection des Donn\u00e9es, ou \u00ab RGPD \u00bb).<br>Pour toute question relative \u00e0 la confidentialit\u00e9 des donn\u00e9es, vous pouvez nous joindre \u00e0 :<br><strong>bureau[at]aejf.asso.fr<\/strong><\/p>\n\n\n\n<h2 class=\"wp-block-heading\">1. Donn\u00e9es collect\u00e9es<\/h2>\n\n\n\n<p>Dans le cadre de votre adh\u00e9sion, nous collectons et traitons les donn\u00e9es personnelles suivantes :<\/p>\n\n\n\n<ul class=\"wp-block-list\">\n<li>Titre (M. ou Mme)<\/li>\n\n\n\n<li>Nom et pr\u00e9nom<\/li>\n\n\n\n<li>Adresse personnelle<\/li>\n\n\n\n<li>Num\u00e9ro de t\u00e9l\u00e9phone<\/li>\n\n\n\n<li>Adresse e-mail<\/li>\n\n\n\n<li>Institution de rattachement<\/li>\n\n\n\n<li>Mode de paiement<\/li>\n<\/ul>\n\n\n\n<p>Ces donn\u00e9es sont n\u00e9cessaires pour g\u00e9rer votre adh\u00e9sion et communiquer avec vous au sujet des activit\u00e9s de l\u2019Association.<\/p>\n\n\n\n<h2 class=\"wp-block-heading\">2. Finalit\u00e9s du traitement des donn\u00e9es<\/h2>\n\n\n\n<p>Vos donn\u00e9es personnelles sont collect\u00e9es et utilis\u00e9es avec le respect des obligations l\u00e9gales et r\u00e9glementaires pour :<\/p>\n\n\n\n<ul class=\"wp-block-list\">\n<li>g\u00e9rer votre demande d\u2019adh\u00e9sion, votre statut de membre ;<\/li>\n\n\n\n<li>communiquer avec vous \u00e0 propos des activit\u00e9s de l\u2019Association.<\/li>\n<\/ul>\n\n\n\n<h2 class=\"wp-block-heading\">3. Base l\u00e9gale du traitement<\/h2>\n\n\n\n<p>Le traitement de vos donn\u00e9es personnelles est fond\u00e9 sur les bases l\u00e9gales suivantes :<\/p>\n\n\n\n<ul class=\"wp-block-list\">\n<li><strong>Ex\u00e9cution d\u2019un contrat<\/strong> : votre adh\u00e9sion \u00e0 l\u2019Association constitue un contrat.<\/li>\n\n\n\n<li><strong>Consentement<\/strong> : en remplissant et en soumettant le formulaire, vous consentez \u00e0 ce que vos donn\u00e9es soient trait\u00e9es conform\u00e9ment \u00e0 cette Politique de confidentialit\u00e9.<\/li>\n<\/ul>\n\n\n\n<h2 class=\"wp-block-heading\">4. Conservation des donn\u00e9es<\/h2>\n\n\n\n<p>Nous conservons vos donn\u00e9es personnelles pendant la dur\u00e9e de votre adh\u00e9sion \u00e0 l\u2019Association. Apr\u00e8s la fin de votre adh\u00e9sion, vos donn\u00e9es seront conserv\u00e9es pendant une p\u00e9riode maximale de 3 ans, sauf obligation l\u00e9gale de les conserver plus longtemps.<\/p>\n\n\n\n<h2 class=\"wp-block-heading\">5. Partage des donn\u00e9es<\/h2>\n\n\n\n<p>Vos donn\u00e9es personnelles ne seront jamais vendues ni utilis\u00e9es \u00e0 des fins commerciales. Cependant, elles peuvent \u00eatre partag\u00e9es avec :<\/p>\n\n\n\n<ul class=\"wp-block-list\">\n<li>des prestataires de services sous contrat pour la gestion des syst\u00e8mes informatiques et des r\u00e9seaux de communication de l&rsquo;Association ;<\/li>\n\n\n\n<li>des autorit\u00e9s comp\u00e9tentes (par exemple, gouvernements ou police) lorsque la loi nous oblige \u00e0 leur transmettre ces donn\u00e9es.<\/li>\n<\/ul>\n\n\n\n<p>Si n\u00e9cessaire, vos donn\u00e9es peuvent \u00e9galement \u00eatre transf\u00e9r\u00e9es vers des pays hors de l\u2019Union europ\u00e9enne, dans le respect des accords de protection des donn\u00e9es pr\u00e9vus par le RGPD.<\/p>\n\n\n\n<h2 class=\"wp-block-heading\">6. Vos droits<\/h2>\n\n\n\n<p>Conform\u00e9ment au RGPD, vous disposez des droits suivants :<\/p>\n\n\n\n<ul class=\"wp-block-list\">\n<li>Acc\u00e8s \u00e0 vos donn\u00e9es personnelles ;<\/li>\n\n\n\n<li>Rectification ou mise \u00e0 jour de vos donn\u00e9es ;<\/li>\n\n\n\n<li>Suppression de vos donn\u00e9es (\u00ab droit \u00e0 l\u2019oubli \u00bb) ;<\/li>\n\n\n\n<li>Opposition ou limitation du traitement de vos donn\u00e9es ;<\/li>\n\n\n\n<li>Portabilit\u00e9 de vos donn\u00e9es.<\/li>\n<\/ul>\n\n\n\n<p>Pour exercer vos droits, contactez-nous \u00e0 <strong>webmaster[at]aejf.asso.fr<\/strong>.<\/p>\n\n\n\n<h2 class=\"wp-block-heading\">7. S\u00e9curit\u00e9 des donn\u00e9es<\/h2>\n\n\n\n<p>Nous prenons toutes les mesures n\u00e9cessaires pour prot\u00e9ger vos donn\u00e9es contre tout acc\u00e8s non autoris\u00e9, modification, divulgation ou destruction.<\/p>\n","protected":false},"excerpt":{"rendered":"<p>Derni\u00e8re mise \u00e0 jour : 27 d\u00e9cembre 2024 L\u2019Association des enseignants de japonais en France (ci-apr\u00e8s \u00ab l\u2019Asso [&hellip;]<\/p>\n","protected":false},"author":296,"featured_media":0,"parent":0,"menu_order":0,"comment_status":"closed","ping_status":"closed","template":"","meta":{"_locale":"fr_FR","_original_post":"https:\/\/test-aejf.aejf.asso.fr\/?page_id=2447","footnotes":""},"class_list":["post-2449","page","type-page","status-publish","hentry","fr-FR"],"_links":{"self":[{"href":"https:\/\/aejf.asso.fr\/wp-json\/wp\/v2\/pages\/2449","targetHints":{"allow":["GET"]}}],"collection":[{"href":"https:\/\/aejf.asso.fr\/wp-json\/wp\/v2\/pages"}],"about":[{"href":"https:\/\/aejf.asso.fr\/wp-json\/wp\/v2\/types\/page"}],"author":[{"embeddable":true,"href":"https:\/\/aejf.asso.fr\/wp-json\/wp\/v2\/users\/296"}],"replies":[{"embeddable":true,"href":"https:\/\/aejf.asso.fr\/wp-json\/wp\/v2\/comments?post=2449"}],"version-history":[{"count":2,"href":"https:\/\/aejf.asso.fr\/wp-json\/wp\/v2\/pages\/2449\/revisions"}],"predecessor-version":[{"id":2477,"href":"https:\/\/aejf.asso.fr\/wp-json\/wp\/v2\/pages\/2449\/revisions\/2477"}],"wp:attachment":[{"href":"https:\/\/aejf.asso.fr\/wp-json\/wp\/v2\/media?parent=2449"}],"curies":[{"name":"wp","href":"https:\/\/api.w.org\/{rel}","templated":true}]}}