{"id":2489,"date":"2025-02-23T11:16:35","date_gmt":"2025-02-23T09:16:35","guid":{"rendered":"https:\/\/aejf.asso.fr\/?page_id=2489"},"modified":"2025-02-23T11:16:37","modified_gmt":"2025-02-23T09:16:37","slug":"statute","status":"publish","type":"page","link":"https:\/\/aejf.asso.fr\/fr\/statute","title":{"rendered":"STATUTS"},"content":{"rendered":"\n<h2 class=\"wp-block-heading h4\">Art. 1 \u2013 Constitution &#8211; D\u00e9nomination<\/h2>\n\n\n\n<p>Entre les adh\u00e9rents aux pr\u00e9sents statuts, est fond\u00e9e une association r\u00e9gie par la loi du 1er juillet 1901 et le d\u00e9cret du 16 ao\u00fbt 1901, ayant pour d\u00e9nomination ASSOCIATION DES ENSEIGNANTS DE JAPONAIS EN FRANCE.<\/p>\n\n\n\n<h2 class=\"wp-block-heading h4\">Art. 2 \u2013 Objet-Dur\u00e9e<\/h2>\n\n\n\n<p>L\u2019Association des Enseignants de Japonais en France a pour buts de promouvoir, en France, l\u2019enseignement et la recherche en mati\u00e8re de langue et civilisation japonaises contemporaines, portant essentiellement sur leur aspect p\u00e9dagogique et didactique\u00a0: de meilleure compr\u00e9hension mutuelle de ces deux pays.<\/p>\n\n\n\n<p>L\u2019Association des Enseignants de Japonais en France est cr\u00e9\u00e9e pour une dur\u00e9e ind\u00e9termin\u00e9e.<\/p>\n\n\n\n<h2 class=\"wp-block-heading h4\">Art. 3 \u2013 Si\u00e8ge<\/h2>\n\n\n\n<p>Le si\u00e8ge social est fix\u00e9 \u00e0 l\u2019UFR Langues et Civilisation de l\u2019Asie Orientale, Universit\u00e9 Paris Cit\u00e9, 5 rue Thomas Mann, Case courrier 7009, 75205 Paris Cedex 13.<\/p>\n\n\n\n<h2 class=\"wp-block-heading h4\">Art. 4 \u2013 Membres<\/h2>\n\n\n\n<p>L\u2019Association des Enseignants de Japonais en France se compose de<\/p>\n\n\n\n<ul class=\"wp-block-list\">\n<li>Membres d\u2019honneurs,<\/li>\n\n\n\n<li>Membres bienfaiteurs,<\/li>\n\n\n\n<li>Membres actifs ou adh\u00e9rents.<\/li>\n<\/ul>\n\n\n\n<p>Sont membres d\u2019honneurs, sur d\u00e9cision du Conseil d\u2019administration, les personnalit\u00e9s repr\u00e9sentatives d\u2019instance partenaires. Les membres d\u2019honneurs sont dispens\u00e9s de cotisation.<\/p>\n\n\n\n<p>Sont membres bienfaiteurs, les personnes qui, par leurs dons, ont contribu\u00e9 \u00e0 l\u2019objet de l\u2019association.<\/p>\n\n\n\n<p>Sont membres actifs, les personnes ayant vers\u00e9 la cotisation fix\u00e9e par le Conseil d\u2019administration et ayant retourn\u00e9 leur bulletin d\u2019adh\u00e9sion.<\/p>\n\n\n\n<h2 class=\"wp-block-heading h4\">Art. 5 \u2013 Admission<\/h2>\n\n\n\n<p>Pour faire partie de l\u2019Association, il faut \u00eatre agr\u00e9\u00e9 par le Conseil d\u2019administration qui statue, lors de chacune de ses r\u00e9unions, sur les demandes d\u2019admission pr\u00e9sent\u00e9es.<\/p>\n\n\n\n<h2 class=\"wp-block-heading h4\">Art. 6 \u2013 Radiation<\/h2>\n\n\n\n<p>La qualit\u00e9 de membre se perd par&nbsp;:<\/p>\n\n\n\n<ul class=\"wp-block-list\">\n<li>la d\u00e9mission,<\/li>\n\n\n\n<li>le d\u00e9c\u00e8s,<\/li>\n\n\n\n<li>la radiation prononc\u00e9e par le Conseil d\u2019administration pour infraction au r\u00e8glement int\u00e9rieur ou pour motif grave, l\u2019int\u00e9ress\u00e9 ayant \u00e9t\u00e9 invit\u00e9 par lettre recommand\u00e9e \u00e0 se pr\u00e9senter devant le Conseil d\u2019administration pour fournir des explications,<\/li>\n\n\n\n<li>en cas de non versement des cotisations.<\/li>\n<\/ul>\n\n\n\n<h2 class=\"wp-block-heading h4\">Art. 7 \u2013 Ressources<\/h2>\n\n\n\n<p>Les ressources de l\u2019Association comprennent&nbsp;:<\/p>\n\n\n\n<ul class=\"wp-block-list\">\n<li>le montant des cotisations,<\/li>\n\n\n\n<li>les subventions de l\u2019\u00c9tat, des collectivit\u00e9s territoriales et de tout autre organisme,<\/li>\n\n\n\n<li>les dons et recettes diverses,<\/li>\n\n\n\n<li>les int\u00e9r\u00eats et revenus des biens et valeurs de l\u2019Association.<\/li>\n<\/ul>\n\n\n\n<h2 class=\"wp-block-heading h4\">Art. 8 \u2013 Assembl\u00e9e G\u00e9n\u00e9rale<\/h2>\n\n\n\n<p>L\u2019Assembl\u00e9e g\u00e9n\u00e9rale ordinaire comprend tous les membres de l\u2019Association. Elle se r\u00e9unit au moins une fois par an et chaque fois qu\u2019il en est besoin sur convocation du Pr\u00e9sident de l\u2019Association ou de la majorit\u00e9 des membres du Conseil d\u2019administration.<\/p>\n\n\n\n<p>Les membres de l\u2019Association sont convoqu\u00e9s par lettre simple au moins quinze jours avant la date fix\u00e9e. L\u2019ordre du jour est indiqu\u00e9 sur les convocations.<\/p>\n\n\n\n<p>Le Tr\u00e9sorier rend compte de sa gestion et soumet le bilan \u00e0 l\u2019approbation de l\u2019Assembl\u00e9e.<\/p>\n\n\n\n<p>Seules les questions soumises \u00e0 l\u2019ordre du jour devront \u00eatre trait\u00e9es lors de l\u2019Assembl\u00e9e g\u00e9n\u00e9rale.<\/p>\n\n\n\n<p>L\u2019Assembl\u00e9e g\u00e9n\u00e9rale est comp\u00e9tente pour&nbsp;:<\/p>\n\n\n\n<ul class=\"wp-block-list\">\n<li>nommer et r\u00e9voquer le Conseil d\u2019administration,<\/li>\n\n\n\n<li>approuver le rapport moral et financier du Conseil d\u2019administration,<\/li>\n\n\n\n<li>contr\u00f4ler les comptes et d\u00e9cider de l\u2019affection des r\u00e9sultats.<\/li>\n<\/ul>\n\n\n\n<h2 class=\"wp-block-heading h4\">Art. 9 \u2013 Assembl\u00e9e G\u00e9n\u00e9rale extraordinaire<\/h2>\n\n\n\n<p>Le pr\u00e9sident de l\u2019Association ou le Conseil d\u2019administration dans sa majorit\u00e9 peuvent convoquer une Assembl\u00e9e g\u00e9n\u00e9rale extraordinaire en vue de la modification des statuts, ou de la dissolution de l\u2019Association, ou du transfert du si\u00e8ge social.<br>La pr\u00e9sence effective d\u2019au moins la majorit\u00e9 des membres de l\u2019Association devra \u00eatre constat\u00e9e. A d\u00e9faut, une nouvelle assembl\u00e9e pouvant d\u00e9lib\u00e9rer sans conditions de quorum sera convoqu\u00e9e dans les trois semaines.<\/p>\n\n\n\n<h2 class=\"wp-block-heading h4\">Art. 10 \u2013 Conseil d\u2019administration<\/h2>\n\n\n\n<p>Le Conseil d\u2019administration est \u00e9lu par les membres lors de l\u2019Assembl\u00e9e g\u00e9n\u00e9rale suivant la proc\u00e9dure fix\u00e9e par le r\u00e8glement int\u00e9rieur.<br>La qualit\u00e9 de membre du Conseil d\u2019administration se perd par simple d\u00e9mission consign\u00e9e sur le registre des r\u00e9unions, et dans tous les cas pr\u00e9vus pour la perte de la qualit\u00e9 de membre de l\u2019Association.<\/p>\n\n\n\n<h2 class=\"wp-block-heading h4\">Art. 11 \u2013 Pouvoirs du Conseil d\u2019administration<\/h2>\n\n\n\n<p>Le Conseil est investi des pouvoirs les plus \u00e9tendus pour prendre toutes les d\u00e9cisions qui ne sont pas r\u00e9serv\u00e9es \u00e0 l\u2019Assembl\u00e9e g\u00e9n\u00e9rale. Il fixe notamment, chaque ann\u00e9e, le montant des cotisations, et statue sur l\u2019admission ou la radiation des membres. Il rend compte de sa gestion \u00e0 l\u2019Assembl\u00e9e g\u00e9n\u00e9rale annuelle.<\/p>\n\n\n\n<h2 class=\"wp-block-heading h4\">Art. 12 \u2013 R\u00e9union du Conseil d\u2019administration<\/h2>\n\n\n\n<p>Le Conseil d\u2019administration se r\u00e9unit au moins deux fois par an, sur convocation du Pr\u00e9sident ou sur la demande de la majorit\u00e9 de ses membres.<\/p>\n\n\n\n<p>Les d\u00e9cisions sont prises \u00e0 la majorit\u00e9 des membres pr\u00e9sents. En cas de partage des voix, la voix du Pr\u00e9sident est pr\u00e9pond\u00e9rante. Nul ne peut faire partie du Conseil d\u2019administration s\u2019il n\u2019est pas majeur.<\/p>\n\n\n\n<h2 class=\"wp-block-heading h4\">Art. 13 \u2013 Bureau<\/h2>\n\n\n\n<p>Le bureau est \u00e9lu par le Conseil d\u2019administration. Il assure la responsabilit\u00e9 de la gestion quotidienne de l\u2019Association et il est compos\u00e9 d\u2019un Pr\u00e9sident, un secr\u00e9taire g\u00e9n\u00e9ral et un Tr\u00e9sorier. Il pourra \u00e9galement comporter un ou deux vice-pr\u00e9sident(s).<\/p>\n\n\n\n<h2 class=\"wp-block-heading h4\">Art. 14 \u2013 R\u00e8glement int\u00e9rieur<\/h2>\n\n\n\n<p>Un r\u00e8glement int\u00e9rieur sera \u00e9tabli par le Conseil d\u2019administration qui le soumettra \u00e0 l\u2019Assembl\u00e9e g\u00e9n\u00e9rale. Il fixera les diff\u00e9rents points non pr\u00e9vus par les statuts ayant trait \u00e0 l\u2019administration interne de l\u2019Association.<\/p>\n\n\n\n<h2 class=\"wp-block-heading h4\">Art. 15 \u2013 Dissolution<\/h2>\n\n\n\n<p>En cas de dissolution prononc\u00e9e par l\u2019Assembl\u00e9e g\u00e9n\u00e9rale extraordinaire, un ou plusieurs liquidateurs sont nomm\u00e9s par celle-ci et l\u2019actif, s\u2019il y a lieu, est d\u00e9volu conform\u00e9ment \u00e0 l\u2019article 9 de la loi du 1er juillet 1901 et au d\u00e9cret du 16 ao\u00fbt 1901.<\/p>\n\n\n\n<h2 class=\"wp-block-heading h4\">Art. 16 \u2013 Formalit\u00e9s<\/h2>\n\n\n\n<p>Tous pouvoirs sont donn\u00e9s au Pr\u00e9sident ou au membre du bureau porteur des formalit\u00e9s l\u00e9gales de d\u00e9claration de publicit\u00e9 telles que pr\u00e9vues par la loi du 1er juillet 1901 et au d\u00e9cret du 16 ao\u00fbt 1901.<\/p>\n\n\n\n<p class=\"has-text-align-right\">Fait \u00e0 Paris, le 25 juin 2022<\/p>\n","protected":false},"excerpt":{"rendered":"<p>Art. 1 \u2013 Constitution &#8211; D\u00e9nomination Entre les adh\u00e9rents aux pr\u00e9sents statuts, est fond\u00e9e une associatio [&hellip;]<\/p>\n","protected":false},"author":296,"featured_media":0,"parent":0,"menu_order":0,"comment_status":"closed","ping_status":"closed","template":"","meta":{"_locale":"fr_FR","_original_post":"https:\/\/test-aejf.aejf.asso.fr\/?page_id=2485","footnotes":""},"class_list":["post-2489","page","type-page","status-publish","hentry","fr-FR"],"_links":{"self":[{"href":"https:\/\/aejf.asso.fr\/wp-json\/wp\/v2\/pages\/2489","targetHints":{"allow":["GET"]}}],"collection":[{"href":"https:\/\/aejf.asso.fr\/wp-json\/wp\/v2\/pages"}],"about":[{"href":"https:\/\/aejf.asso.fr\/wp-json\/wp\/v2\/types\/page"}],"author":[{"embeddable":true,"href":"https:\/\/aejf.asso.fr\/wp-json\/wp\/v2\/users\/296"}],"replies":[{"embeddable":true,"href":"https:\/\/aejf.asso.fr\/wp-json\/wp\/v2\/comments?post=2489"}],"version-history":[{"count":1,"href":"https:\/\/aejf.asso.fr\/wp-json\/wp\/v2\/pages\/2489\/revisions"}],"predecessor-version":[{"id":2490,"href":"https:\/\/aejf.asso.fr\/wp-json\/wp\/v2\/pages\/2489\/revisions\/2490"}],"wp:attachment":[{"href":"https:\/\/aejf.asso.fr\/wp-json\/wp\/v2\/media?parent=2489"}],"curies":[{"name":"wp","href":"https:\/\/api.w.org\/{rel}","templated":true}]}}