{"id":633,"date":"2024-05-25T17:53:35","date_gmt":"2024-05-25T15:53:35","guid":{"rendered":"https:\/\/aejf.asso.fr\/?page_id=633"},"modified":"2024-08-24T18:24:14","modified_gmt":"2024-08-24T16:24:14","slug":"5-2","status":"publish","type":"page","link":"https:\/\/aejf.asso.fr\/","title":{"rendered":"Accueil"},"content":{"rendered":"<div id=\"metaslider-id-1291\" style=\"width: 100%; margin: 0 auto;\" class=\"ml-slider-3-107-0 metaslider metaslider-flex metaslider-1291 ml-slider text-only has-onhover-arrows has-dots-nav ms-theme-default\" role=\"region\" aria-label=\"New Slideshow\" data-height=\"600\" data-width=\"900\">\n    <div id=\"metaslider_container_1291\">\n        <div id=\"metaslider_1291\">\n            <ul class='slides'>\n                <li style=\"display: block; width: 100%;\" class=\"slide-2668 ms-image \" aria-roledescription=\"slide\" data-date=\"2025-03-17 19:53:41\" data-filename=\"transparent-600x400.png\" data-slide-type=\"image\"><img loading=\"lazy\" decoding=\"async\" src=\"https:\/\/aejf.asso.fr\/wp-content\/uploads\/transparent-600x400.png\" height=\"600\" width=\"900\" alt=\"no image\" class=\"slider-1291 slide-2668 msDefaultImage\" title=\"transparent\" \/><div class=\"caption-wrap\"><div class=\"caption\"><h1>19e Colloque sur l\u2019enseignement du japonais en France<\/h1> <div><strong><span class=\"gBYvFf C9DxTc\" style=\"color:#000000;font-variant:normal;vertical-align:baseline;\"><span lang=\"fr\" xml:lang=\"fr\">Th\u00e8me : \u00ab <\/span><\/span>Activit\u00e9s culturelles cr\u00e9atives et l\u2019enseignement du japonais<span class=\"gBYvFf C9DxTc\" style=\"color:#000000;font-variant:normal;vertical-align:baseline;\"><span lang=\"fr\" xml:lang=\"fr\"> \u00bb<\/span><\/span><\/strong><\/div> <div><strong><span class=\"gBYvFf C9DxTc\" style=\"color:#000000;font-variant:normal;vertical-align:baseline;\">Date : vendredi 5 au <span class=\"gBYvFf C9DxTc\" style=\"color:#000000;font-variant:normal;vertical-align:baseline;\">samedi 6<\/span> juin 2026<\/span><\/strong><\/div> <div>\u00a0<\/div> <div><strong><a class=\"btn btn-primary stretched-link\" href=\"https:\/\/sites.google.com\/view\/aejf-19e-colloque-bordeaux\/accueil?authuser=7\" target=\"_blank\" rel=\"noreferrer noopener\">Pour plus d'informations<\/a><\/strong><\/div> <div><span style=\"font-size:18px;color:rgb(186,55,42);\"><strong>Inscription jusqu'au <span class=\"C9DxTc\">3 mai 2026<\/span><\/strong><\/span><\/div><\/div><\/div><\/li>\n                <li style=\"display: none; width: 100%;\" class=\"slide-1292 ms-image \" aria-roledescription=\"slide\" data-date=\"2024-08-24 18:21:18\" data-filename=\"transparent-600x400.png\" data-slide-type=\"image\"><img loading=\"lazy\" decoding=\"async\" src=\"https:\/\/aejf.asso.fr\/wp-content\/uploads\/transparent-600x400.png\" height=\"600\" width=\"900\" alt=\"no image\" class=\"slider-1291 slide-1292 msDefaultImage\" title=\"transparent\" \/><div class=\"caption-wrap\"><div class=\"caption\"><h1>Association des Enseignants de Japonais en France<\/h1> <div>L'AEJF a pour buts de promouvoir, en France, l'enseignement et la recherche en mati\u00e8re de langue et civilisation japonaises contemporaines, portant essentiellement sur leur aspect p\u00e9dagogique et didactique ; de d\u00e9velopper les \u00e9changes culturels entre la France et le Japon afin de contribuer \u00e0 une meilleure compr\u00e9hension mutuelle de ces deux pays.<\/div><\/div><\/div><\/li>\n                <li style=\"display: none; width: 100%;\" class=\"slide-2559 ms-image \" aria-roledescription=\"slide\" data-date=\"2025-03-02 17:05:54\" data-filename=\"transparent-600x400.png\" data-slide-type=\"image\"><img loading=\"lazy\" decoding=\"async\" src=\"https:\/\/aejf.asso.fr\/wp-content\/uploads\/transparent-600x400.png\" height=\"600\" width=\"900\" alt=\"no image\" class=\"slider-1291 slide-2559 msDefaultImage\" title=\"transparent\" \/><div class=\"caption-wrap\"><div class=\"caption\"><h1>Newsletter n\u00b0 94 (2026) de l\u2019AEJF<\/h1> <div><strong><a class=\"btn btn-primary stretched-link\" href=\"https:\/\/aejf.asso.fr\/fr\/newsletter-documents\/newsletter\/newsletter-n-94-de-lassociation-des-enseignants-de-japonais-en-france\" target=\"_blank\" rel=\"noreferrer noopener\">Lire la suite<\/a><\/strong><\/div><\/div><\/div><\/li>\n                <li style=\"display: none; width: 100%;\" class=\"slide-3297 ms-image \" aria-roledescription=\"slide\" data-date=\"2025-07-28 16:55:55\" data-filename=\"transparent-600x400.png\" data-slide-type=\"image\"><img loading=\"lazy\" decoding=\"async\" src=\"https:\/\/aejf.asso.fr\/wp-content\/uploads\/transparent-600x400.png\" height=\"600\" width=\"900\" alt=\"no image\" class=\"slider-1291 slide-3297 msDefaultImage\" title=\"transparent\" \/><div class=\"caption-wrap\"><div class=\"caption\"><h1>Acte de colloque 2024 : Enseignement du Japonais en France N\u00b011<\/h1> <div><strong><a class=\"btn btn-primary stretched-link\" href=\"https:\/\/aejf.asso.fr\/fr\/symposium\/actes\/aejf2024-symposium-ronshuu_20250715_fr\">T\u00e9l\u00e9charger<\/a><\/strong><\/div><\/div><\/div><\/li>\n                <li style=\"display: none; width: 100%;\" class=\"slide-3453 ms-image \" aria-roledescription=\"slide\" data-date=\"2025-10-02 16:56:26\" data-filename=\"kanaprojet2_fr-900x600.jpg\" data-slide-type=\"image\"><a href=\"https:\/\/aejf.asso.fr\/fr\/related-institutional-information\/projects\/projet-de-creation-de-cartes-kana-nouvelle-version-des-cartes\" target=\"_blank\" aria-label=\"Voir les d\u00e9tails de la diapositive\" class=\"metaslider_image_link\"><img loading=\"lazy\" decoding=\"async\" src=\"https:\/\/aejf.asso.fr\/wp-content\/uploads\/kanaprojet2_fr-900x600.jpg\" height=\"600\" width=\"900\" alt=\"\" class=\"slider-1291 slide-3453 msDefaultImage\" title=\"kanaprojet2_fr\" \/><\/a><\/li>\n            <\/ul>\n        <\/div>\n        \n    <\/div>\n<\/div>\n","protected":false},"excerpt":{"rendered":"","protected":false},"author":296,"featured_media":0,"parent":0,"menu_order":0,"comment_status":"closed","ping_status":"closed","template":"","meta":{"_locale":"fr_FR","_original_post":"http:\/\/aejf.asso.fr\/?page_id=5","footnotes":""},"class_list":["post-633","page","type-page","status-publish","hentry","fr-FR"],"_links":{"self":[{"href":"https:\/\/aejf.asso.fr\/wp-json\/wp\/v2\/pages\/633","targetHints":{"allow":["GET"]}}],"collection":[{"href":"https:\/\/aejf.asso.fr\/wp-json\/wp\/v2\/pages"}],"about":[{"href":"https:\/\/aejf.asso.fr\/wp-json\/wp\/v2\/types\/page"}],"author":[{"embeddable":true,"href":"https:\/\/aejf.asso.fr\/wp-json\/wp\/v2\/users\/296"}],"replies":[{"embeddable":true,"href":"https:\/\/aejf.asso.fr\/wp-json\/wp\/v2\/comments?post=633"}],"version-history":[{"count":4,"href":"https:\/\/aejf.asso.fr\/wp-json\/wp\/v2\/pages\/633\/revisions"}],"predecessor-version":[{"id":1293,"href":"https:\/\/aejf.asso.fr\/wp-json\/wp\/v2\/pages\/633\/revisions\/1293"}],"wp:attachment":[{"href":"https:\/\/aejf.asso.fr\/wp-json\/wp\/v2\/media?parent=633"}],"curies":[{"name":"wp","href":"https:\/\/api.w.org\/{rel}","templated":true}]}}